{"id":543,"date":"2024-07-05T04:08:42","date_gmt":"2024-07-05T04:08:42","guid":{"rendered":"https:\/\/www.planejausa.com\/projects\/"},"modified":"2024-10-04T19:51:33","modified_gmt":"2024-10-04T22:51:33","slug":"nossos-servicos","status":"publish","type":"page","link":"https:\/\/www.planejausa.com\/es\/nuestros-servicios\/","title":{"rendered":"Nuestros Servicios"},"content":{"rendered":"<div data-elementor-type=\"wp-post\" data-elementor-id=\"543\" class=\"elementor elementor-543\" data-elementor-post-type=\"page\">\n\t\t\t\t<div class=\"elementor-element elementor-element-d950c16 e-flex e-con-boxed e-con e-parent\" data-id=\"d950c16\" data-element_type=\"container\" data-settings=\"{&quot;background_background&quot;:&quot;classic&quot;}\">\n\t\t\t\t\t<div class=\"e-con-inner\">\n\t\t<div class=\"elementor-element elementor-element-d6eb64e e-con-full e-flex e-con e-child\" data-id=\"d6eb64e\" data-element_type=\"container\">\n\t\t\t\t<div class=\"elementor-element elementor-element-2994964 elementor-widget elementor-widget-heading\" data-id=\"2994964\" data-element_type=\"widget\" data-widget_type=\"heading.default\">\n\t\t\t\t<div class=\"elementor-widget-container\">\n\t\t\t\t\t<h1 class=\"elementor-heading-title elementor-size-default\">Nuestros Servicios<\/h1>\t\t\t\t<\/div>\n\t\t\t\t<\/div>\n\t\t\t\t<\/div>\n\t\t\t\t\t<\/div>\n\t\t\t\t<\/div>\n\t\t<div class=\"elementor-element elementor-element-3bab278 e-flex e-con-boxed e-con e-parent\" data-id=\"3bab278\" data-element_type=\"container\">\n\t\t\t\t\t<div class=\"e-con-inner\">\n\t\t<div class=\"elementor-element elementor-element-abbd287 e-con-full e-flex e-con e-child\" data-id=\"abbd287\" data-element_type=\"container\">\n\t\t\t\t<div class=\"elementor-element elementor-element-ade8ecb elementor-widget elementor-widget-heading\" data-id=\"ade8ecb\" data-element_type=\"widget\" data-widget_type=\"heading.default\">\n\t\t\t\t<div class=\"elementor-widget-container\">\n\t\t\t\t\t<h3 class=\"elementor-heading-title elementor-size-default\">Planificaci\u00f3n Financiera Previa a la Inmigraci\u00f3n<\/h3>\t\t\t\t<\/div>\n\t\t\t\t<\/div>\n\t\t\t\t<div class=\"elementor-element elementor-element-3a3ca35 elementor-widget elementor-widget-text-editor\" data-id=\"3a3ca35\" data-element_type=\"widget\" data-widget_type=\"text-editor.default\">\n\t\t\t\t<div class=\"elementor-widget-container\">\n\t\t\t\t\t\t\t\t\tLe ayudamos a organizar sus finanzas, acumular recursos suficientes y asegurarnos de que su llegada a los EE. UU. sea tan tranquila como prometedora. Nuestro asesoramiento especializado ofrece apoyo completo para su viaje, incluyendo:\n<br><br>\n<span style=\"font-style: inherit; font-weight: inherit; text-indent: -0.25in; text-align: var(--text-align); background-color: var(--ast-global-color-5); color: var(--ast-global-color-3);\">Construcci\u00f3n de metas migratorias (cuestionario inicial):<\/span>\n<br><br>\n<span style=\"font-style: inherit; font-weight: inherit; text-indent: -0.25in; text-align: var(--text-align); background-color: var(--ast-global-color-5); color: var(--ast-global-color-3);\">Planificaci\u00f3n financiera: nuestro servicio de planificaci\u00f3n financiera previa a la inmigraci\u00f3n est\u00e1 dise\u00f1ado para ayudarlo a estructurar sus finanzas de manera eficiente antes de mudarse. Trabajamos con usted para crear un plan personalizado que incluya la evaluaci\u00f3n de sus ahorros actuales, su presupuesto, sus objetivos de ahorro y sus estrategias para manejar sus gastos futuros en los EE. UU.<\/span>\n<br><br>\n<span style=\"font-style: inherit; font-weight: inherit; text-indent: -0.25in; text-align: var(--text-align); background-color: var(--ast-global-color-5); color: var(--ast-global-color-3);\">Asesoramiento en Inversiones: Lo guiamos en la elecci\u00f3n de las mejores inversiones para maximizar sus recursos y construir una base financiera s\u00f3lida en USA. Analizamos tu perfil inversor, identificamos oportunidades de inversi\u00f3n y te ayudamos a diversificar tu cartera.<\/span>\t\t\t\t\t\t\t\t<\/div>\n\t\t\t\t<\/div>\n\t\t\t\t<\/div>\n\t\t<div class=\"elementor-element elementor-element-025d472 e-con-full e-flex e-con e-child\" data-id=\"025d472\" data-element_type=\"container\">\n\t\t\t\t<div class=\"elementor-element elementor-element-399ea00 elementor-widget elementor-widget-image\" data-id=\"399ea00\" data-element_type=\"widget\" data-widget_type=\"image.default\">\n\t\t\t\t<div class=\"elementor-widget-container\">\n\t\t\t\t\t\t\t\t\t\t\t\t\t\t\t<img fetchpriority=\"high\" decoding=\"async\" width=\"800\" height=\"800\" src=\"https:\/\/www.planejausa.com\/wp-content\/uploads\/2024\/07\/02-2.jpg\" class=\"attachment-large size-large wp-image-1919\" alt=\"Planeja USA\" srcset=\"https:\/\/www.planejausa.com\/wp-content\/uploads\/2024\/07\/02-2.jpg 800w, https:\/\/www.planejausa.com\/wp-content\/uploads\/2024\/07\/02-2-300x300.jpg 300w, https:\/\/www.planejausa.com\/wp-content\/uploads\/2024\/07\/02-2-150x150.jpg 150w, https:\/\/www.planejausa.com\/wp-content\/uploads\/2024\/07\/02-2-768x768.jpg 768w, https:\/\/www.planejausa.com\/wp-content\/uploads\/2024\/07\/02-2-12x12.jpg 12w, https:\/\/www.planejausa.com\/wp-content\/uploads\/2024\/07\/02-2-600x600.jpg 600w, https:\/\/www.planejausa.com\/wp-content\/uploads\/2024\/07\/02-2-100x100.jpg 100w\" sizes=\"(max-width: 800px) 100vw, 800px\" \/>\t\t\t\t\t\t\t\t\t\t\t\t\t\t\t<\/div>\n\t\t\t\t<\/div>\n\t\t\t\t<\/div>\n\t\t\t\t\t<\/div>\n\t\t\t\t<\/div>\n\t\t<div class=\"elementor-element elementor-element-d858bb0 e-flex e-con-boxed e-con e-parent\" data-id=\"d858bb0\" data-element_type=\"container\">\n\t\t\t\t\t<div class=\"e-con-inner\">\n\t\t<div class=\"elementor-element elementor-element-40fa393 e-con-full e-flex e-con e-child\" data-id=\"40fa393\" data-element_type=\"container\">\n\t\t\t\t<div class=\"elementor-element elementor-element-414b473 elementor-widget elementor-widget-image\" data-id=\"414b473\" data-element_type=\"widget\" data-widget_type=\"image.default\">\n\t\t\t\t<div class=\"elementor-widget-container\">\n\t\t\t\t\t\t\t\t\t\t\t\t\t\t\t<img decoding=\"async\" width=\"800\" height=\"800\" src=\"https:\/\/www.planejausa.com\/wp-content\/uploads\/2024\/07\/03-2.jpg\" class=\"attachment-large size-large wp-image-1918\" alt=\"Planeja USA\" srcset=\"https:\/\/www.planejausa.com\/wp-content\/uploads\/2024\/07\/03-2.jpg 800w, https:\/\/www.planejausa.com\/wp-content\/uploads\/2024\/07\/03-2-300x300.jpg 300w, https:\/\/www.planejausa.com\/wp-content\/uploads\/2024\/07\/03-2-150x150.jpg 150w, https:\/\/www.planejausa.com\/wp-content\/uploads\/2024\/07\/03-2-768x768.jpg 768w, https:\/\/www.planejausa.com\/wp-content\/uploads\/2024\/07\/03-2-12x12.jpg 12w, https:\/\/www.planejausa.com\/wp-content\/uploads\/2024\/07\/03-2-600x600.jpg 600w, https:\/\/www.planejausa.com\/wp-content\/uploads\/2024\/07\/03-2-100x100.jpg 100w\" sizes=\"(max-width: 800px) 100vw, 800px\" \/>\t\t\t\t\t\t\t\t\t\t\t\t\t\t\t<\/div>\n\t\t\t\t<\/div>\n\t\t\t\t<\/div>\n\t\t<div class=\"elementor-element elementor-element-40f2a3f e-con-full e-flex e-con e-child\" data-id=\"40f2a3f\" data-element_type=\"container\">\n\t\t\t\t<div class=\"elementor-element elementor-element-2c232d2 elementor-widget__width-initial elementor-widget elementor-widget-heading\" data-id=\"2c232d2\" data-element_type=\"widget\" data-widget_type=\"heading.default\">\n\t\t\t\t<div class=\"elementor-widget-container\">\n\t\t\t\t\t<h3 class=\"elementor-heading-title elementor-size-default\">Construcci\u00f3n de Credit Score en EE.UU.<\/h3>\t\t\t\t<\/div>\n\t\t\t\t<\/div>\n\t\t\t\t<div class=\"elementor-element elementor-element-99f39e0 elementor-widget elementor-widget-text-editor\" data-id=\"99f39e0\" data-element_type=\"widget\" data-widget_type=\"text-editor.default\">\n\t\t\t\t<div class=\"elementor-widget-container\">\n\t\t\t\t\t\t\t\t\tUn buen puntaje crediticio es esencial para abrir puertas y garantizar su \u00e9xito en el nuevo pa\u00eds. En nuestro servicio de creaci\u00f3n de puntaje crediticio, ofrecemos orientaci\u00f3n experta para ayudarlo a desarrollar un historial crediticio s\u00f3lido y confiable.\n<br><br>\nExplicamos en detalle c\u00f3mo funciona el sistema de cr\u00e9dito en los EE. UU., incluidos los factores que influyen en su puntaje, como el historial de pagos, la utilizaci\u00f3n del cr\u00e9dito, la duraci\u00f3n del historial crediticio, los tipos de cr\u00e9dito y las cuentas nuevas. Comprender estos factores es el primer paso para construir una calificaci\u00f3n crediticia s\u00f3lida.\n<br><br>\nPara comenzar, te guiamos en la elecci\u00f3n y apertura de las cuentas bancarias y tarjetas de cr\u00e9dito que mejor se adaptan a tu perfil, utilizando estrategias efectivas para construir tu cr\u00e9dito desde tu primer d\u00eda en Estados Unidos. Adem\u00e1s, lo ayudamos a crear un plan de pago eficiente para garantizar que todas sus facturas se paguen a tiempo, lo cual es crucial para mantener un puntaje crediticio alto.\t\t\t\t\t\t\t\t<\/div>\n\t\t\t\t<\/div>\n\t\t\t\t<\/div>\n\t\t\t\t\t<\/div>\n\t\t\t\t<\/div>\n\t\t<div class=\"elementor-element elementor-element-37f5ced e-flex e-con-boxed e-con e-parent\" data-id=\"37f5ced\" data-element_type=\"container\">\n\t\t\t\t\t<div class=\"e-con-inner\">\n\t\t<div class=\"elementor-element elementor-element-1db2e26 e-con-full e-flex e-con e-child\" data-id=\"1db2e26\" data-element_type=\"container\">\n\t\t\t\t<div class=\"elementor-element elementor-element-71fcfd4 elementor-widget__width-initial elementor-widget elementor-widget-heading\" data-id=\"71fcfd4\" data-element_type=\"widget\" data-widget_type=\"heading.default\">\n\t\t\t\t<div class=\"elementor-widget-container\">\n\t\t\t\t\t<h3 class=\"elementor-heading-title elementor-size-default\">Planificaci\u00f3n Financiera y de Vida Posterior a la Inmigraci\u00f3n<\/h3>\t\t\t\t<\/div>\n\t\t\t\t<\/div>\n\t\t\t\t<div class=\"elementor-element elementor-element-644b9c9 elementor-widget elementor-widget-text-editor\" data-id=\"644b9c9\" data-element_type=\"widget\" data-widget_type=\"text-editor.default\">\n\t\t\t\t<div class=\"elementor-widget-container\">\n\t\t\t\t\t\t\t\t\tDespu\u00e9s de tu llegada, permaneceremos a tu lado, ofreci\u00e9ndote apoyo total para facilitar tu adaptaci\u00f3n en Estados Unidos. Nuestro servicio incluye elegir la regi\u00f3n donde vivir, tomando en cuenta factores como costo de vida, seguridad, oportunidades laborales y calidad de vida. Te guiamos en la compra o alquiler de propiedades, ayud\u00e1ndote a encontrar la casa perfecta.\n<br><br>\nAdem\u00e1s, brindamos asistencia para inscribir a sus hijos en escuelas de calidad revisando las mejores opciones educativas disponibles, desde escuelas p\u00fablicas hasta instituciones privadas. Tambi\u00e9n ofrecemos apoyo con problemas de salud, ayud\u00e1ndolo a navegar por el sistema de salud de EE. UU. Ayudamos a contratar los planes y seguros de salud m\u00e1s adecuados, asegurando que usted y su familia tengan acceso a la atenci\u00f3n m\u00e9dica.\n<br><br>\nSeguimos brindando apoyo con la planificaci\u00f3n financiera, ahora en d\u00f3lares, ayud\u00e1ndote a adaptar tu presupuesto y administrar tu patrimonio de manera eficiente en el nuevo pa\u00eds. Nuestro objetivo es garantizar que sus finanzas est\u00e9n en orden y que pueda prosperar en su nueva vida en los EE. UU.\t\t\t\t\t\t\t\t<\/div>\n\t\t\t\t<\/div>\n\t\t\t\t<\/div>\n\t\t<div class=\"elementor-element elementor-element-247de8b e-con-full e-flex e-con e-child\" data-id=\"247de8b\" data-element_type=\"container\">\n\t\t\t\t<div class=\"elementor-element elementor-element-a0db6bc elementor-widget elementor-widget-image\" data-id=\"a0db6bc\" data-element_type=\"widget\" data-widget_type=\"image.default\">\n\t\t\t\t<div class=\"elementor-widget-container\">\n\t\t\t\t\t\t\t\t\t\t\t\t\t\t\t<img decoding=\"async\" width=\"800\" height=\"800\" src=\"https:\/\/www.planejausa.com\/wp-content\/uploads\/2024\/07\/04-1.jpg\" class=\"attachment-large size-large wp-image-1917\" alt=\"Planeja USA\" srcset=\"https:\/\/www.planejausa.com\/wp-content\/uploads\/2024\/07\/04-1.jpg 800w, https:\/\/www.planejausa.com\/wp-content\/uploads\/2024\/07\/04-1-300x300.jpg 300w, https:\/\/www.planejausa.com\/wp-content\/uploads\/2024\/07\/04-1-150x150.jpg 150w, https:\/\/www.planejausa.com\/wp-content\/uploads\/2024\/07\/04-1-768x768.jpg 768w, https:\/\/www.planejausa.com\/wp-content\/uploads\/2024\/07\/04-1-12x12.jpg 12w, https:\/\/www.planejausa.com\/wp-content\/uploads\/2024\/07\/04-1-600x600.jpg 600w, https:\/\/www.planejausa.com\/wp-content\/uploads\/2024\/07\/04-1-100x100.jpg 100w\" sizes=\"(max-width: 800px) 100vw, 800px\" \/>\t\t\t\t\t\t\t\t\t\t\t\t\t\t\t<\/div>\n\t\t\t\t<\/div>\n\t\t\t\t<\/div>\n\t\t\t\t\t<\/div>\n\t\t\t\t<\/div>\n\t\t<div class=\"elementor-element elementor-element-3ce28b1 e-flex e-con-boxed e-con e-parent\" data-id=\"3ce28b1\" data-element_type=\"container\">\n\t\t\t\t\t<div class=\"e-con-inner\">\n\t\t<div class=\"elementor-element elementor-element-be0f3cf e-con-full e-flex e-con e-child\" data-id=\"be0f3cf\" data-element_type=\"container\">\n\t\t\t\t<div class=\"elementor-element elementor-element-52422da elementor-widget elementor-widget-image\" data-id=\"52422da\" data-element_type=\"widget\" data-widget_type=\"image.default\">\n\t\t\t\t<div class=\"elementor-widget-container\">\n\t\t\t\t\t\t\t\t\t\t\t\t\t\t\t<img loading=\"lazy\" decoding=\"async\" width=\"800\" height=\"800\" src=\"https:\/\/www.planejausa.com\/wp-content\/uploads\/2024\/07\/05.jpg\" class=\"attachment-large size-large wp-image-1916\" alt=\"Planeja USA\" srcset=\"https:\/\/www.planejausa.com\/wp-content\/uploads\/2024\/07\/05.jpg 800w, https:\/\/www.planejausa.com\/wp-content\/uploads\/2024\/07\/05-300x300.jpg 300w, https:\/\/www.planejausa.com\/wp-content\/uploads\/2024\/07\/05-150x150.jpg 150w, https:\/\/www.planejausa.com\/wp-content\/uploads\/2024\/07\/05-768x768.jpg 768w, https:\/\/www.planejausa.com\/wp-content\/uploads\/2024\/07\/05-12x12.jpg 12w, https:\/\/www.planejausa.com\/wp-content\/uploads\/2024\/07\/05-600x600.jpg 600w, https:\/\/www.planejausa.com\/wp-content\/uploads\/2024\/07\/05-100x100.jpg 100w\" sizes=\"(max-width: 800px) 100vw, 800px\" \/>\t\t\t\t\t\t\t\t\t\t\t\t\t\t\t<\/div>\n\t\t\t\t<\/div>\n\t\t\t\t<\/div>\n\t\t<div class=\"elementor-element elementor-element-1200abf e-con-full e-flex e-con e-child\" data-id=\"1200abf\" data-element_type=\"container\">\n\t\t\t\t<div class=\"elementor-element elementor-element-de39499 elementor-widget__width-initial elementor-widget elementor-widget-heading\" data-id=\"de39499\" data-element_type=\"widget\" data-widget_type=\"heading.default\">\n\t\t\t\t<div class=\"elementor-widget-container\">\n\t\t\t\t\t<h3 class=\"elementor-heading-title elementor-size-default\">Reubicaci\u00f3n Profesional <\/h3>\t\t\t\t<\/div>\n\t\t\t\t<\/div>\n\t\t\t\t<div class=\"elementor-element elementor-element-01837a8 elementor-widget elementor-widget-text-editor\" data-id=\"01837a8\" data-element_type=\"widget\" data-widget_type=\"text-editor.default\">\n\t\t\t\t<div class=\"elementor-widget-container\">\n\t\t\t\t\t\t\t\t\tLo preparamos para prosperar en su carrera en los EE. UU. Nuestro equipo especializado ofrece soporte integral para garantizar que est\u00e9 listo para destacarse en el mercado laboral. Ayudamos a optimizar tu perfil de LinkedIn, destacando tus habilidades, experiencias y logros de una forma atractiva y profesional.\n<br><br>\nAdem\u00e1s, ayudamos a preparar curr\u00edculums ganadores que capten la atenci\u00f3n de los reclutadores. Nuestro servicio incluye personalizar tu CV para diferentes oportunidades, enfatizando tus habilidades m\u00e1s relevantes y alineando tus experiencias con las demandas del mercado.\n<br><br>\nTambi\u00e9n seleccionamos ofertas de empleo que se ajusten a tu perfil y aspiraciones profesionales. Identificamos las mejores oportunidades disponibles, ahorr\u00e1ndote tiempo y aumentando tus posibilidades de \u00e9xito. Ofrecemos orientaci\u00f3n sobre c\u00f3mo prepararse para las entrevistas, desde investigar empresas hasta practicar sus respuestas.\t\t\t\t\t\t\t\t<\/div>\n\t\t\t\t<\/div>\n\t\t\t\t<\/div>\n\t\t\t\t\t<\/div>\n\t\t\t\t<\/div>\n\t\t<div class=\"elementor-element elementor-element-f63c024 e-flex e-con-boxed e-con e-parent\" data-id=\"f63c024\" data-element_type=\"container\">\n\t\t\t\t\t<div class=\"e-con-inner\">\n\t\t<div class=\"elementor-element elementor-element-cc39de3 e-con-full e-flex e-con e-child\" data-id=\"cc39de3\" data-element_type=\"container\">\n\t\t\t\t<div class=\"elementor-element elementor-element-9d6e7b4 elementor-widget elementor-widget-heading\" data-id=\"9d6e7b4\" data-element_type=\"widget\" data-widget_type=\"heading.default\">\n\t\t\t\t<div class=\"elementor-widget-container\">\n\t\t\t\t\t<h3 class=\"elementor-heading-title elementor-size-default\">Apoyo Psicologico<\/h3>\t\t\t\t<\/div>\n\t\t\t\t<\/div>\n\t\t\t\t<div class=\"elementor-element elementor-element-064ed2a elementor-widget elementor-widget-text-editor\" data-id=\"064ed2a\" data-element_type=\"widget\" data-widget_type=\"text-editor.default\">\n\t\t\t\t<div class=\"elementor-widget-container\">\n\t\t\t\t\t\t\t\t\tLa inmigraci\u00f3n no es s\u00f3lo un viaje f\u00edsico sino tambi\u00e9n emocional. Sentirse bien consigo mismo es vital, y nuestra orientaci\u00f3n psicol\u00f3gica tiene como objetivo fortalecer tu bienestar mental en cada etapa de este proceso. Desde el inicio del proceso de inmigraci\u00f3n, durante los preparativos para la mudanza y, especialmente, despu\u00e9s de la inmigraci\u00f3n, estamos aqu\u00ed para apoyarlo a usted y a su familia.\n<br><br>\nNuestro equipo de expertos ofrece apoyo psicol\u00f3gico continuo para garantizar que est\u00e9 emocionalmente preparado para los desaf\u00edos y cambios que conlleva la inmigraci\u00f3n. Entendemos que adaptarse a un nuevo pa\u00eds puede ser estresante y que cada miembro de la familia, incluidos adultos y ni\u00f1os, puede enfrentar diferentes tipos de dificultades emocionales.\n<br><br>\nPara los adultos, nuestro apoyo ayuda a lidiar con la ansiedad, el estr\u00e9s y la incertidumbre que pueden surgir durante la transici\u00f3n. Ofrecemos t\u00e9cnicas de afrontamiento y estrategias de resiliencia para que pueda sentirse m\u00e1s seguro y equilibrado mientras navega por esta nueva fase de la vida.\t\t\t\t\t\t\t\t<\/div>\n\t\t\t\t<\/div>\n\t\t\t\t<\/div>\n\t\t<div class=\"elementor-element elementor-element-0576873 e-con-full e-flex e-con e-child\" data-id=\"0576873\" data-element_type=\"container\">\n\t\t\t\t<div class=\"elementor-element elementor-element-83a43b0 elementor-widget elementor-widget-image\" data-id=\"83a43b0\" data-element_type=\"widget\" data-widget_type=\"image.default\">\n\t\t\t\t<div class=\"elementor-widget-container\">\n\t\t\t\t\t\t\t\t\t\t\t\t\t\t\t<img loading=\"lazy\" decoding=\"async\" width=\"800\" height=\"800\" src=\"https:\/\/www.planejausa.com\/wp-content\/uploads\/2024\/07\/06.jpg\" class=\"attachment-full size-full wp-image-1915\" alt=\"Planeja USA\" srcset=\"https:\/\/www.planejausa.com\/wp-content\/uploads\/2024\/07\/06.jpg 800w, https:\/\/www.planejausa.com\/wp-content\/uploads\/2024\/07\/06-300x300.jpg 300w, https:\/\/www.planejausa.com\/wp-content\/uploads\/2024\/07\/06-150x150.jpg 150w, https:\/\/www.planejausa.com\/wp-content\/uploads\/2024\/07\/06-768x768.jpg 768w, https:\/\/www.planejausa.com\/wp-content\/uploads\/2024\/07\/06-12x12.jpg 12w, https:\/\/www.planejausa.com\/wp-content\/uploads\/2024\/07\/06-600x600.jpg 600w, https:\/\/www.planejausa.com\/wp-content\/uploads\/2024\/07\/06-100x100.jpg 100w\" sizes=\"(max-width: 800px) 100vw, 800px\" \/>\t\t\t\t\t\t\t\t\t\t\t\t\t\t\t<\/div>\n\t\t\t\t<\/div>\n\t\t\t\t<\/div>\n\t\t\t\t\t<\/div>\n\t\t\t\t<\/div>\n\t\t\t\t<\/div>","protected":false},"excerpt":{"rendered":"<p>Nossos Servi\u00e7os Planejamento Financeiro Pr\u00e9-Imigrat\u00f3rio N\u00f3s ajudamos voc\u00ea a organizar suas finan\u00e7as, acumular recursos suficientes e garantir que sua chegada [&hellip;]<\/p>","protected":false},"author":1,"featured_media":0,"parent":0,"menu_order":0,"comment_status":"closed","ping_status":"closed","template":"","meta":{"site-sidebar-layout":"no-sidebar","site-content-layout":"page-builder","ast-site-content-layout":"full-width-container","site-content-style":"unboxed","site-sidebar-style":"unboxed","ast-global-header-display":"","ast-banner-title-visibility":"","ast-main-header-display":"","ast-hfb-above-header-display":"","ast-hfb-below-header-display":"","ast-hfb-mobile-header-display":"","site-post-title":"disabled","ast-breadcrumbs-content":"","ast-featured-img":"disabled","footer-sml-layout":"","theme-transparent-header-meta":"enabled","adv-header-id-meta":"","stick-header-meta":"","header-above-stick-meta":"","header-main-stick-meta":"","header-below-stick-meta":"","astra-migrate-meta-layouts":"set","ast-page-background-enabled":"default","ast-page-background-meta":{"desktop":{"background-color":"var(--ast-global-color-4)","background-image":"","background-repeat":"repeat","background-position":"center center","background-size":"auto","background-attachment":"scroll","background-type":"","background-media":"","overlay-type":"","overlay-color":"","overlay-opacity":"","overlay-gradient":""},"tablet":{"background-color":"","background-image":"","background-repeat":"repeat","background-position":"center center","background-size":"auto","background-attachment":"scroll","background-type":"","background-media":"","overlay-type":"","overlay-color":"","overlay-opacity":"","overlay-gradient":""},"mobile":{"background-color":"","background-image":"","background-repeat":"repeat","background-position":"center center","background-size":"auto","background-attachment":"scroll","background-type":"","background-media":"","overlay-type":"","overlay-color":"","overlay-opacity":"","overlay-gradient":""}},"ast-content-background-meta":{"desktop":{"background-color":"var(--ast-global-color-5)","background-image":"","background-repeat":"repeat","background-position":"center center","background-size":"auto","background-attachment":"scroll","background-type":"","background-media":"","overlay-type":"","overlay-color":"","overlay-opacity":"","overlay-gradient":""},"tablet":{"background-color":"var(--ast-global-color-5)","background-image":"","background-repeat":"repeat","background-position":"center center","background-size":"auto","background-attachment":"scroll","background-type":"","background-media":"","overlay-type":"","overlay-color":"","overlay-opacity":"","overlay-gradient":""},"mobile":{"background-color":"var(--ast-global-color-5)","background-image":"","background-repeat":"repeat","background-position":"center center","background-size":"auto","background-attachment":"scroll","background-type":"","background-media":"","overlay-type":"","overlay-color":"","overlay-opacity":"","overlay-gradient":""}},"_joinchat":[],"footnotes":""},"class_list":["post-543","page","type-page","status-publish","hentry"],"aioseo_notices":[],"_links":{"self":[{"href":"https:\/\/www.planejausa.com\/es\/wp-json\/wp\/v2\/pages\/543","targetHints":{"allow":["GET"]}}],"collection":[{"href":"https:\/\/www.planejausa.com\/es\/wp-json\/wp\/v2\/pages"}],"about":[{"href":"https:\/\/www.planejausa.com\/es\/wp-json\/wp\/v2\/types\/page"}],"author":[{"embeddable":true,"href":"https:\/\/www.planejausa.com\/es\/wp-json\/wp\/v2\/users\/1"}],"replies":[{"embeddable":true,"href":"https:\/\/www.planejausa.com\/es\/wp-json\/wp\/v2\/comments?post=543"}],"version-history":[{"count":60,"href":"https:\/\/www.planejausa.com\/es\/wp-json\/wp\/v2\/pages\/543\/revisions"}],"predecessor-version":[{"id":2158,"href":"https:\/\/www.planejausa.com\/es\/wp-json\/wp\/v2\/pages\/543\/revisions\/2158"}],"wp:attachment":[{"href":"https:\/\/www.planejausa.com\/es\/wp-json\/wp\/v2\/media?parent=543"}],"curies":[{"name":"wp","href":"https:\/\/api.w.org\/{rel}","templated":true}]}}